{"id":95,"date":"2025-01-19T22:40:16","date_gmt":"2025-01-19T21:40:16","guid":{"rendered":"https:\/\/www.erditanc.hu\/index.php\/about-us\/"},"modified":"2025-02-02T11:36:27","modified_gmt":"2025-02-02T10:36:27","slug":"about-us","status":"publish","type":"page","link":"https:\/\/www.erditanc.hu\/index.php\/about-us\/","title":{"rendered":"About Us"},"content":{"rendered":"\t\t<div data-elementor-type=\"wp-page\" data-elementor-id=\"95\" class=\"elementor elementor-95\" data-elementor-post-type=\"page\">\n\t\t\t\t<div class=\"elementor-element elementor-element-7fa2dc55 e-con-full e-flex e-con e-parent\" data-id=\"7fa2dc55\" data-element_type=\"container\">\n\t\t<div class=\"elementor-element elementor-element-11b0f0ce e-con-full e-flex e-con e-child\" data-id=\"11b0f0ce\" data-element_type=\"container\">\n\t\t<div class=\"elementor-element elementor-element-425aece2 e-con-full e-flex e-con e-child\" data-id=\"425aece2\" data-element_type=\"container\">\n\t\t\t\t<div class=\"elementor-element elementor-element-2fe4dab2 elementor-widget__width-initial elementor-widget elementor-widget-heading\" data-id=\"2fe4dab2\" data-element_type=\"widget\" data-widget_type=\"heading.default\">\n\t\t\t\t<div class=\"elementor-widget-container\">\n\t\t\t\t\t<h1 class=\"elementor-heading-title elementor-size-default\"><b>Egy hely, ahol a t\u00e1nc szenved\u00e9lye \u00e9s a tehets\u00e9g tal\u00e1lkozik<\/b><\/h1>\t\t\t\t<\/div>\n\t\t\t\t<\/div>\n\t\t\t\t<div class=\"elementor-element elementor-element-365af02e elementor-widget__width-initial elementor-invisible elementor-widget elementor-widget-text-editor\" data-id=\"365af02e\" data-element_type=\"widget\" data-settings=\"{&quot;_animation&quot;:&quot;fadeInDown&quot;}\" data-widget_type=\"text-editor.default\">\n\t\t\t\t<div class=\"elementor-widget-container\">\n\t\t\t\t\t\t\t\t\t<p>K\u00fcldet\u00e9s\u00fcnk, hogy \u00c9rden a t\u00e1nc ne csak egy sport legyen, hanem az \u00f6nkifejez\u00e9s \u00e9s a siker eszk\u00f6ze. Kort\u00f3l \u00e9s szintt\u0151l f\u00fcggetlen\u00fcl v\u00e1rjuk azokat, akik szeretn\u00e9k meg\u00e9lni a mozg\u00e1s \u00f6r\u00f6m\u00e9t.<\/p>\t\t\t\t\t\t\t\t<\/div>\n\t\t\t\t<\/div>\n\t\t\t\t<div class=\"elementor-element elementor-element-b83f66f elementor-invisible elementor-widget elementor-widget-heading\" data-id=\"b83f66f\" data-element_type=\"widget\" data-settings=\"{&quot;_animation&quot;:&quot;fadeInUp&quot;}\" data-widget_type=\"heading.default\">\n\t\t\t\t<div class=\"elementor-widget-container\">\n\t\t\t\t\t<span class=\"elementor-heading-title elementor-size-default\">k\u00f6z\u00f6ss\u00e9g<\/span>\t\t\t\t<\/div>\n\t\t\t\t<\/div>\n\t\t\t\t<\/div>\n\t\t\t\t<\/div>\n\t\t<div class=\"elementor-element elementor-element-6f9efb58 e-con-full e-flex e-con e-child\" data-id=\"6f9efb58\" data-element_type=\"container\" data-settings=\"{&quot;background_background&quot;:&quot;classic&quot;}\">\n\t\t\t\t<\/div>\n\t\t\t\t<\/div>\n\t\t<div class=\"elementor-element elementor-element-2cb2535d e-con-full e-flex e-con e-parent\" data-id=\"2cb2535d\" data-element_type=\"container\">\n\t\t<div class=\"elementor-element elementor-element-69060af5 e-con-full e-flex e-con e-child\" data-id=\"69060af5\" data-element_type=\"container\" data-settings=\"{&quot;background_background&quot;:&quot;classic&quot;}\">\n\t\t\t\t<\/div>\n\t\t<div class=\"elementor-element elementor-element-5630a2a7 e-con-full e-flex e-con e-child\" data-id=\"5630a2a7\" data-element_type=\"container\">\n\t\t\t\t<div class=\"elementor-element elementor-element-368e45ab elementor-widget elementor-widget-heading\" data-id=\"368e45ab\" data-element_type=\"widget\" data-widget_type=\"heading.default\">\n\t\t\t\t<div class=\"elementor-widget-container\">\n\t\t\t\t\t<h2 class=\"elementor-heading-title elementor-size-default\">Az \u00c9rdi T\u00e1ncsport Egyes\u00fclet sikert\u00f6rt\u00e9nete<\/h2>\t\t\t\t<\/div>\n\t\t\t\t<\/div>\n\t\t\t\t<div class=\"elementor-element elementor-element-44ce72b9 elementor-widget elementor-widget-text-editor\" data-id=\"44ce72b9\" data-element_type=\"widget\" data-widget_type=\"text-editor.default\">\n\t\t\t\t<div class=\"elementor-widget-container\">\n\t\t\t\t\t\t\t\t\t<p>Egyes\u00fclet\u00fcnk 2015-ben alakult azzal a c\u00e9llal, hogy \u00c9rd \u00e9s k\u00f6rny\u00e9ke t\u00e1nckedvel\u0151it \u00f6sszehozza, \u00e9s a versenyt\u00e1nc hagyom\u00e1nyait \u00faj szintre emelje. T\u00f6bb \u00e9vtizedes szakmai tapasztalatunk biztos\u00edtja, hogy tan\u00edtv\u00e1nyaink a legmagasabb szint\u0171 k\u00e9pz\u00e9sben r\u00e9szes\u00fcljenek \u2013 legyen sz\u00f3 gyerekekr\u0151l, feln\u0151ttekr\u0151l vagy seniorokr\u00f3l. A t\u00e1nc sz\u00e1munkra nemcsak mozg\u00e1s, hanem \u00e9letst\u00edlus, amely \u00f6r\u00f6met, harm\u00f3ni\u00e1t \u00e9s sikert hoz mindennapjainkba. Csatlakozz hozz\u00e1nk, \u00e9s l\u00e9gy r\u00e9sze egy inspir\u00e1l\u00f3, t\u00e1mogat\u00f3 k\u00f6z\u00f6ss\u00e9gnek!<\/p>\t\t\t\t\t\t\t\t<\/div>\n\t\t\t\t<\/div>\n\t\t\t\t<div class=\"elementor-element elementor-element-2e872be elementor-invisible elementor-widget elementor-widget-heading\" data-id=\"2e872be\" data-element_type=\"widget\" data-settings=\"{&quot;_animation&quot;:&quot;fadeInUp&quot;}\" data-widget_type=\"heading.default\">\n\t\t\t\t<div class=\"elementor-widget-container\">\n\t\t\t\t\t<span class=\"elementor-heading-title elementor-size-default\">t\u00e1mogat\u00e1s<\/span>\t\t\t\t<\/div>\n\t\t\t\t<\/div>\n\t\t\t\t<\/div>\n\t\t\t\t<\/div>\n\t\t<div class=\"elementor-element elementor-element-a164bd4 e-con-full e-flex e-con e-parent\" data-id=\"a164bd4\" data-element_type=\"container\" data-settings=\"{&quot;background_background&quot;:&quot;classic&quot;}\">\n\t\t<div class=\"elementor-element elementor-element-3effb63e e-con-full e-flex e-con e-child\" data-id=\"3effb63e\" data-element_type=\"container\">\n\t\t\t\t<div class=\"elementor-element elementor-element-7dcda2b elementor-widget elementor-widget-heading\" data-id=\"7dcda2b\" data-element_type=\"widget\" data-widget_type=\"heading.default\">\n\t\t\t\t<div class=\"elementor-widget-container\">\n\t\t\t\t\t<h2 class=\"elementor-heading-title elementor-size-default\">Alap\u00edt\u00f3nk<\/h2>\t\t\t\t<\/div>\n\t\t\t\t<\/div>\n\t\t\t\t<div class=\"elementor-element elementor-element-104502d1 elementor-widget__width-initial elementor-widget-mobile__width-inherit elementor-widget elementor-widget-text-editor\" data-id=\"104502d1\" data-element_type=\"widget\" data-widget_type=\"text-editor.default\">\n\t\t\t\t<div class=\"elementor-widget-container\">\n\t\t\t\t\t\t\t\t\t<p>Mantovay Vikt\u00f3ria t\u00f6bb mint h\u00e1rom \u00e9vtizedes versenyt\u00e1ncos \u00e9s oktat\u00f3i tapasztalattal vezeti az \u00c9rdi T\u00e1ncsport Egyes\u00fcletet. Gyerekk\u00e9nt szertorn\u00e1val kezdte sportp\u00e1lyafut\u00e1s\u00e1t, majd 18 \u00e9vesen a versenyt\u00e1ncban tal\u00e1lta meg igazi szenved\u00e9ly\u00e9t, ahol hazai \u00e9s nemzetk\u00f6zi sz\u00ednt\u00e9ren is kimagasl\u00f3 eredm\u00e9nyeket \u00e9rt el.<\/p><p>Az 1990-es \u00e9vekt\u0151l Olaszorsz\u00e1gban \u00e9s Angli\u00e1ban fejlesztette tud\u00e1s\u00e1t elismert mesterek ir\u00e1ny\u00edt\u00e1s\u00e1val. 2015-ben megalap\u00edtotta az \u00c9rdi T\u00e1ncsport Egyes\u00fcletet, hogy a t\u00e1nc szeretet\u00e9t \u00e9s a versenyt\u00e1nc szellemis\u00e9g\u00e9t \u00c9rd \u00e9s k\u00f6rny\u00e9k\u00e9nek minden koroszt\u00e1ly\u00e1val megossza.<\/p><p>Vezet\u00e9s\u00e9vel az egyes\u00fclet nemcsak a mozg\u00e1s m\u0171v\u00e9szet\u00e9t, hanem a k\u00f6z\u00f6ss\u00e9g erej\u00e9t is megtestes\u00edti, mik\u00f6zben tan\u00edtv\u00e1nyai a parketten \u00e9s az \u00e9letben is sikereket \u00e9rnek el.<\/p>\t\t\t\t\t\t\t\t<\/div>\n\t\t\t\t<\/div>\n\t\t\t\t<div class=\"elementor-element elementor-element-96370c5 elementor-widget__width-initial elementor-widget-mobile__width-inherit elementor-widget elementor-widget-text-editor\" data-id=\"96370c5\" data-element_type=\"widget\" data-widget_type=\"text-editor.default\">\n\t\t\t\t<div class=\"elementor-widget-container\">\n\t\t\t\t\t\t\t\t\t<p><b><i>\u201eMinden l\u00e9p\u00e9sben ott van az a lehet\u0151s\u00e9g, hogy valami \u00fajat alkoss, \u00e9s minden pr\u00f3b\u00e1val k\u00f6zelebb ker\u00fclsz a legjobb \u00f6nmagadhoz.\u201d<\/i><\/b><\/p>\t\t\t\t\t\t\t\t<\/div>\n\t\t\t\t<\/div>\n\t\t\t\t<div class=\"elementor-element elementor-element-e97bc6b elementor-widget__width-initial elementor-widget-mobile__width-inherit elementor-widget elementor-widget-text-editor\" data-id=\"e97bc6b\" data-element_type=\"widget\" data-widget_type=\"text-editor.default\">\n\t\t\t\t<div class=\"elementor-widget-container\">\n\t\t\t\t\t\t\t\t\t<p><em>&#8211; Mantovay Vikt\u00f3ria, az \u00c9rdi T\u00e1ncsport Egyes\u00fclet alap\u00edt\u00f3ja \u00e9s szakmai vezet\u0151je<\/em><\/p>\t\t\t\t\t\t\t\t<\/div>\n\t\t\t\t<\/div>\n\t\t\t\t<\/div>\n\t\t\t\t<div class=\"elementor-element elementor-element-50f584fb elementor-widget-tablet__width-initial elementor-widget elementor-widget-image\" data-id=\"50f584fb\" data-element_type=\"widget\" data-widget_type=\"image.default\">\n\t\t\t\t<div class=\"elementor-widget-container\">\n\t\t\t\t\t\t\t\t\t\t\t\t\t\t\t<img fetchpriority=\"high\" decoding=\"async\" width=\"800\" height=\"971\" src=\"https:\/\/www.erditanc.hu\/wp-content\/uploads\/2025\/01\/IMG_7729-844x1024.jpg\" class=\"attachment-large size-large wp-image-194\" alt=\"\" \/>\t\t\t\t\t\t\t\t\t\t\t\t\t\t\t<\/div>\n\t\t\t\t<\/div>\n\t\t\t\t<\/div>\n\t\t<div class=\"elementor-element elementor-element-fd641b4 e-con-full e-flex e-con e-parent\" data-id=\"fd641b4\" data-element_type=\"container\">\n\t\t<div class=\"elementor-element elementor-element-7cd17bf e-con-full e-flex e-con e-child\" data-id=\"7cd17bf\" data-element_type=\"container\" data-settings=\"{&quot;background_background&quot;:&quot;classic&quot;}\">\n\t\t\t\t<\/div>\n\t\t<div class=\"elementor-element elementor-element-f17d96e e-con-full e-flex e-con e-child\" data-id=\"f17d96e\" data-element_type=\"container\">\n\t\t\t\t<div class=\"elementor-element elementor-element-09efc1b elementor-invisible elementor-widget elementor-widget-heading\" data-id=\"09efc1b\" data-element_type=\"widget\" data-settings=\"{&quot;_animation&quot;:&quot;fadeInUp&quot;}\" data-widget_type=\"heading.default\">\n\t\t\t\t<div class=\"elementor-widget-container\">\n\t\t\t\t\t<span class=\"elementor-heading-title elementor-size-default\">st\u00fadi\u00f3nk<\/span>\t\t\t\t<\/div>\n\t\t\t\t<\/div>\n\t\t\t\t<div class=\"elementor-element elementor-element-ada6324 elementor-widget elementor-widget-heading\" data-id=\"ada6324\" data-element_type=\"widget\" data-widget_type=\"heading.default\">\n\t\t\t\t<div class=\"elementor-widget-container\">\n\t\t\t\t\t<h2 class=\"elementor-heading-title elementor-size-default\">Egy t\u00e1ncst\u00fadi\u00f3, ami a versenyt\u00e1ncosok ig\u00e9nyeire sz\u00fcletett<\/h2>\t\t\t\t<\/div>\n\t\t\t\t<\/div>\n\t\t\t\t<div class=\"elementor-element elementor-element-7d429a4 elementor-widget elementor-widget-text-editor\" data-id=\"7d429a4\" data-element_type=\"widget\" data-widget_type=\"text-editor.default\">\n\t\t\t\t<div class=\"elementor-widget-container\">\n\t\t\t\t\t\t\t\t\t<p>Az \u00c9rdi T\u00e1ncsport Egyes\u00fclet saj\u00e1t tulajdon\u00fa st\u00fadi\u00f3ja \u00c9rd Parkv\u00e1rosban tal\u00e1lhat\u00f3, \u00e9s kifejezetten a versenyt\u00e1nc magas sz\u00ednvonal\u00fa ig\u00e9nyeihez lett kialak\u00edtva. T\u00e1gas, vil\u00e1gos t\u00e9r, professzion\u00e1lis parkett \u00e9s \u00f3ri\u00e1si t\u00fck\u00f6rfal biztos\u00edtja a technikai munka \u00e9s koreogr\u00e1fi\u00e1k t\u00f6k\u00e9letes\u00edt\u00e9s\u00e9nek ide\u00e1lis k\u00f6rnyezet\u00e9t. A st\u00fadi\u00f3 kiz\u00e1r\u00f3lag egyes\u00fclet\u00fcnk tan\u00edtv\u00e1nyainak \u00e1ll rendelkez\u00e9s\u00e9re, \u00edgy zavartalanul \u00e9s f\u00f3kusz\u00e1ltan k\u00e9sz\u00fclhetnek a t\u00e1ncosok a parkett kih\u00edv\u00e1saira.<\/p>\t\t\t\t\t\t\t\t<\/div>\n\t\t\t\t<\/div>\n\t\t\t\t<\/div>\n\t\t\t\t<\/div>\n\t\t\t\t<\/div>\n\t\t","protected":false},"excerpt":{"rendered":"<p>Egy hely, ahol a t\u00e1nc szenved\u00e9lye \u00e9s a tehets\u00e9g tal\u00e1lkozik K\u00fcldet\u00e9s\u00fcnk, hogy \u00c9rden a t\u00e1nc ne csak egy sport legyen, hanem az \u00f6nkifejez\u00e9s \u00e9s a siker eszk\u00f6ze. Kort\u00f3l \u00e9s szintt\u0151l f\u00fcggetlen\u00fcl v\u00e1rjuk azokat, akik szeretn\u00e9k meg\u00e9lni a mozg\u00e1s \u00f6r\u00f6m\u00e9t. k\u00f6z\u00f6ss\u00e9g Az \u00c9rdi T\u00e1ncsport Egyes\u00fclet sikert\u00f6rt\u00e9nete Egyes\u00fclet\u00fcnk 2015-ben alakult azzal a c\u00e9llal, hogy \u00c9rd \u00e9s k\u00f6rny\u00e9ke [&hellip;]<\/p>\n","protected":false},"author":2,"featured_media":0,"parent":0,"menu_order":0,"comment_status":"closed","ping_status":"closed","template":"","meta":{"footnotes":""},"class_list":["post-95","page","type-page","status-publish","hentry"],"rttpg_featured_image_url":null,"rttpg_author":{"display_name":"Dominika \u00c1gnes","author_link":"https:\/\/www.erditanc.hu\/index.php\/author\/d-agi\/"},"rttpg_comment":0,"rttpg_category":null,"rttpg_excerpt":"Egy hely, ahol a t\u00e1nc szenved\u00e9lye \u00e9s a tehets\u00e9g tal\u00e1lkozik K\u00fcldet\u00e9s\u00fcnk, hogy \u00c9rden a t\u00e1nc ne csak egy sport legyen, hanem az \u00f6nkifejez\u00e9s \u00e9s a siker eszk\u00f6ze. Kort\u00f3l \u00e9s szintt\u0151l f\u00fcggetlen\u00fcl v\u00e1rjuk azokat, akik szeretn\u00e9k meg\u00e9lni a mozg\u00e1s \u00f6r\u00f6m\u00e9t. k\u00f6z\u00f6ss\u00e9g Az \u00c9rdi T\u00e1ncsport Egyes\u00fclet sikert\u00f6rt\u00e9nete Egyes\u00fclet\u00fcnk 2015-ben alakult azzal a c\u00e9llal, hogy \u00c9rd \u00e9s k\u00f6rny\u00e9ke&hellip;","_links":{"self":[{"href":"https:\/\/www.erditanc.hu\/index.php\/wp-json\/wp\/v2\/pages\/95","targetHints":{"allow":["GET"]}}],"collection":[{"href":"https:\/\/www.erditanc.hu\/index.php\/wp-json\/wp\/v2\/pages"}],"about":[{"href":"https:\/\/www.erditanc.hu\/index.php\/wp-json\/wp\/v2\/types\/page"}],"author":[{"embeddable":true,"href":"https:\/\/www.erditanc.hu\/index.php\/wp-json\/wp\/v2\/users\/2"}],"replies":[{"embeddable":true,"href":"https:\/\/www.erditanc.hu\/index.php\/wp-json\/wp\/v2\/comments?post=95"}],"version-history":[{"count":37,"href":"https:\/\/www.erditanc.hu\/index.php\/wp-json\/wp\/v2\/pages\/95\/revisions"}],"predecessor-version":[{"id":637,"href":"https:\/\/www.erditanc.hu\/index.php\/wp-json\/wp\/v2\/pages\/95\/revisions\/637"}],"wp:attachment":[{"href":"https:\/\/www.erditanc.hu\/index.php\/wp-json\/wp\/v2\/media?parent=95"}],"curies":[{"name":"wp","href":"https:\/\/api.w.org\/{rel}","templated":true}]}}