{"id":87,"date":"2025-01-19T22:40:10","date_gmt":"2025-01-19T21:40:10","guid":{"rendered":"https:\/\/www.erditanc.hu\/index.php\/workshops\/"},"modified":"2025-01-30T21:06:14","modified_gmt":"2025-01-30T20:06:14","slug":"workshops","status":"publish","type":"page","link":"https:\/\/www.erditanc.hu\/index.php\/workshops\/","title":{"rendered":"Workshops"},"content":{"rendered":"\t\t<div data-elementor-type=\"wp-page\" data-elementor-id=\"87\" class=\"elementor elementor-87\" data-elementor-post-type=\"page\">\n\t\t\t\t<div class=\"elementor-element elementor-element-62bb3a3d e-con-full e-flex e-con e-parent\" data-id=\"62bb3a3d\" data-element_type=\"container\">\n\t\t<div class=\"elementor-element elementor-element-619d4380 e-con-full e-flex e-con e-child\" data-id=\"619d4380\" data-element_type=\"container\">\n\t\t<div class=\"elementor-element elementor-element-46bcac61 e-con-full e-flex e-con e-child\" data-id=\"46bcac61\" data-element_type=\"container\">\n\t\t\t\t<div class=\"elementor-element elementor-element-7d9f75be elementor-widget__width-initial elementor-widget elementor-widget-heading\" data-id=\"7d9f75be\" data-element_type=\"widget\" data-widget_type=\"heading.default\">\n\t\t\t\t<div class=\"elementor-widget-container\">\n\t\t\t\t\t<h1 class=\"elementor-heading-title elementor-size-default\"><b>T\u00e1nc minden szinten, minden c\u00e9llal<\/b><\/h1>\t\t\t\t<\/div>\n\t\t\t\t<\/div>\n\t\t\t\t<div class=\"elementor-element elementor-element-5f7be21c elementor-widget__width-initial elementor-invisible elementor-widget elementor-widget-text-editor\" data-id=\"5f7be21c\" data-element_type=\"widget\" data-settings=\"{&quot;_animation&quot;:&quot;fadeInDown&quot;}\" data-widget_type=\"text-editor.default\">\n\t\t\t\t<div class=\"elementor-widget-container\">\n\t\t\t\t\t\t\t\t\t<p>Az \u00c9rdi T\u00e1ncsport Egyes\u00fcletben olyan \u00f3r\u00e1kon vehetsz r\u00e9szt, amelyek a kezd\u0151t\u0151l a versenyszintig mindenki sz\u00e1m\u00e1ra lehet\u0151s\u00e9get biztos\u00edtanak a fejl\u0151d\u00e9sre, mik\u00f6zben a t\u00e1nc \u00f6r\u00f6m\u00e9t \u00e9s k\u00f6z\u00f6ss\u00e9g\u00e9p\u00edt\u0151 erej\u00e9t is meg\u00e9lheted.<\/p>\t\t\t\t\t\t\t\t<\/div>\n\t\t\t\t<\/div>\n\t\t\t\t<\/div>\n\t\t\t\t<div class=\"elementor-element elementor-element-1d87446a elementor-invisible elementor-widget elementor-widget-heading\" data-id=\"1d87446a\" data-element_type=\"widget\" data-settings=\"{&quot;_animation&quot;:&quot;fadeInUp&quot;}\" data-widget_type=\"heading.default\">\n\t\t\t\t<div class=\"elementor-widget-container\">\n\t\t\t\t\t<span class=\"elementor-heading-title elementor-size-default\">\u00f3rat\u00edpusaink<\/span>\t\t\t\t<\/div>\n\t\t\t\t<\/div>\n\t\t\t\t<\/div>\n\t\t<div class=\"elementor-element elementor-element-30e36ee7 e-con-full e-flex e-con e-child\" data-id=\"30e36ee7\" data-element_type=\"container\" data-settings=\"{&quot;background_background&quot;:&quot;classic&quot;}\">\n\t\t\t\t<\/div>\n\t\t\t\t<\/div>\n\t\t<div class=\"elementor-element elementor-element-29827128 e-con-full e-flex e-con e-parent\" data-id=\"29827128\" data-element_type=\"container\" id=\"Workshop_Learn_The_Basics\">\n\t\t<div class=\"elementor-element elementor-element-203f22de e-con-full e-flex e-con e-child\" data-id=\"203f22de\" data-element_type=\"container\" data-settings=\"{&quot;background_background&quot;:&quot;classic&quot;}\">\n\t\t\t\t<\/div>\n\t\t<div class=\"elementor-element elementor-element-921b405 e-con-full e-flex e-con e-child\" data-id=\"921b405\" data-element_type=\"container\">\n\t\t\t\t<div class=\"elementor-element elementor-element-4f36d4 elementor-widget elementor-widget-heading\" data-id=\"4f36d4\" data-element_type=\"widget\" data-widget_type=\"heading.default\">\n\t\t\t\t<div class=\"elementor-widget-container\">\n\t\t\t\t\t<h2 class=\"elementor-heading-title elementor-size-default\"><b>Versenyt\u00e1nc edz\u00e9s<\/b><\/h2>\t\t\t\t<\/div>\n\t\t\t\t<\/div>\n\t\t\t\t<div class=\"elementor-element elementor-element-281a9e3d elementor-widget elementor-widget-text-editor\" data-id=\"281a9e3d\" data-element_type=\"widget\" data-widget_type=\"text-editor.default\">\n\t\t\t\t<div class=\"elementor-widget-container\">\n\t\t\t\t\t\t\t\t\t<p>A komolyabb c\u00e9lokkal rendelkez\u0151 t\u00e1ncosokat v\u00e1rjuk a versenyt\u00e1ncos csoportos \u00f3r\u00e1kra. Ezek az edz\u00e9sek a versenyt\u00e1nc legmagasabb szint\u0171 technikai tud\u00e1s\u00e1nak elsaj\u00e1t\u00edt\u00e1s\u00e1ra f\u00f3kusz\u00e1lnak, a legjobb szakmai ir\u00e1ny\u00edt\u00e1ssal. A standard \u00e9s latin-amerikai t\u00e1ncok versenykoreogr\u00e1fi\u00e1inak finomhangol\u00e1sa, a precizit\u00e1s, a ritmus\u00e9rz\u00e9k \u00e9s a parketten val\u00f3 magabiztoss\u00e1g fejleszt\u00e9se a f\u0151 c\u00e9l. Az \u00f3r\u00e1kon olyan k\u00f6z\u00f6ss\u00e9gben tanulhatsz, amely motiv\u00e1l \u00e9s inspir\u00e1l a folyamatos fejl\u0151d\u00e9sre.<\/p>\t\t\t\t\t\t\t\t<\/div>\n\t\t\t\t<\/div>\n\t\t\t\t<\/div>\n\t\t\t\t<\/div>\n\t\t<div class=\"elementor-element elementor-element-18a85702 e-con-full e-flex e-con e-parent\" data-id=\"18a85702\" data-element_type=\"container\" id=\"Workshop_Master_The_Basics\">\n\t\t<div class=\"elementor-element elementor-element-5b5b71a7 e-con-full e-flex e-con e-child\" data-id=\"5b5b71a7\" data-element_type=\"container\" data-settings=\"{&quot;background_background&quot;:&quot;classic&quot;}\">\n\t\t\t\t<\/div>\n\t\t<div class=\"elementor-element elementor-element-70a8063c e-con-full e-flex e-con e-child\" data-id=\"70a8063c\" data-element_type=\"container\">\n\t\t\t\t<div class=\"elementor-element elementor-element-70107f3e elementor-widget elementor-widget-heading\" data-id=\"70107f3e\" data-element_type=\"widget\" data-widget_type=\"heading.default\">\n\t\t\t\t<div class=\"elementor-widget-container\">\n\t\t\t\t\t<h2 class=\"elementor-heading-title elementor-size-default\"><b>Egy\u00e9ni \u00f3r\u00e1k<\/b><\/h2>\t\t\t\t<\/div>\n\t\t\t\t<\/div>\n\t\t\t\t<div class=\"elementor-element elementor-element-12157182 elementor-widget elementor-widget-text-editor\" data-id=\"12157182\" data-element_type=\"widget\" data-widget_type=\"text-editor.default\">\n\t\t\t\t<div class=\"elementor-widget-container\">\n\t\t\t\t\t\t\t\t\t<p>Az egy\u00e9ni \u00f3r\u00e1k lehet\u0151s\u00e9get biztos\u00edtanak a szem\u00e9lyre szabott fejl\u0151d\u00e9sre, ahol az oktat\u00f3 teljes figyelme a t\u00e1ncos egy\u00e9ni c\u00e9ljaira \u00f6sszpontosul. Legyen sz\u00f3 technikai fejleszt\u00e9sr\u0151l, versenyfelk\u00e9sz\u00edt\u00e9sr\u0151l vagy \u00f6nbizalom\u00e9p\u00edt\u00e9sr\u0151l, az \u00f3r\u00e1k a hat\u00e9kony tanul\u00e1st \u00e9s a gyors fejl\u0151d\u00e9st seg\u00edtik. Ide\u00e1lis v\u00e1laszt\u00e1s mind kezd\u0151k, mind halad\u00f3k sz\u00e1m\u00e1ra, akik saj\u00e1t temp\u00f3jukban szeretn\u00e9nek tanulni, vagy egy adott ter\u00fcletre k\u00fcl\u00f6n f\u00f3kusz\u00e1lni.<\/p>\t\t\t\t\t\t\t\t<\/div>\n\t\t\t\t<\/div>\n\t\t\t\t<\/div>\n\t\t\t\t<\/div>\n\t\t<div class=\"elementor-element elementor-element-14d360b2 e-con-full e-flex e-con e-parent\" data-id=\"14d360b2\" data-element_type=\"container\" id=\"Workshop_Be_Ceramic_Superhero\">\n\t\t<div class=\"elementor-element elementor-element-1038e707 e-con-full e-flex e-con e-child\" data-id=\"1038e707\" data-element_type=\"container\" data-settings=\"{&quot;background_background&quot;:&quot;classic&quot;}\">\n\t\t\t\t<\/div>\n\t\t<div class=\"elementor-element elementor-element-3a5cf5b1 e-con-full e-flex e-con e-child\" data-id=\"3a5cf5b1\" data-element_type=\"container\">\n\t\t\t\t<div class=\"elementor-element elementor-element-3958b17 elementor-widget elementor-widget-heading\" data-id=\"3958b17\" data-element_type=\"widget\" data-widget_type=\"heading.default\">\n\t\t\t\t<div class=\"elementor-widget-container\">\n\t\t\t\t\t<h2 class=\"elementor-heading-title elementor-size-default\"><b>Senior t\u00e1nccsoport<\/b><\/h2>\t\t\t\t<\/div>\n\t\t\t\t<\/div>\n\t\t\t\t<div class=\"elementor-element elementor-element-423ccb57 elementor-widget elementor-widget-text-editor\" data-id=\"423ccb57\" data-element_type=\"widget\" data-widget_type=\"text-editor.default\">\n\t\t\t\t<div class=\"elementor-widget-container\">\n\t\t\t\t\t\t\t\t\t<p>A senior \u00f3r\u00e1kon minden koroszt\u00e1ly \u00e9s tud\u00e1sszint sz\u00e1m\u00e1ra biztos\u00edtunk fejl\u0151d\u00e9si lehet\u0151s\u00e9get, legyen sz\u00f3 hobbit\u00e1ncr\u00f3l vagy versenyszint\u0171 felk\u00e9sz\u00fcl\u00e9sr\u0151l. Az edz\u00e9sek a technikai tud\u00e1s elm\u00e9ly\u00edt\u00e9s\u00e9re, a mozg\u00e1s \u00f6r\u00f6m\u00e9re \u00e9s egy t\u00e1mogat\u00f3, motiv\u00e1l\u00f3 k\u00f6z\u00f6ss\u00e9g \u00e9p\u00edt\u00e9s\u00e9re f\u00f3kusz\u00e1lnak, ahol mindenki a saj\u00e1t temp\u00f3j\u00e1ban haladhat.<\/p>\t\t\t\t\t\t\t\t<\/div>\n\t\t\t\t<\/div>\n\t\t\t\t<\/div>\n\t\t\t\t<\/div>\n\t\t<div class=\"elementor-element elementor-element-2d31ccdf e-con-full e-flex e-con e-parent\" data-id=\"2d31ccdf\" data-element_type=\"container\">\n\t\t<div class=\"elementor-element elementor-element-7fd566b8 e-con-full e-flex e-con e-child\" data-id=\"7fd566b8\" data-element_type=\"container\" data-settings=\"{&quot;background_background&quot;:&quot;classic&quot;}\">\n\t\t\t\t<\/div>\n\t\t<div class=\"elementor-element elementor-element-a18357c e-con-full e-flex e-con e-child\" data-id=\"a18357c\" data-element_type=\"container\">\n\t\t\t\t<div class=\"elementor-element elementor-element-893abf2 elementor-widget elementor-widget-heading\" data-id=\"893abf2\" data-element_type=\"widget\" data-widget_type=\"heading.default\">\n\t\t\t\t<div class=\"elementor-widget-container\">\n\t\t\t\t\t<h2 class=\"elementor-heading-title elementor-size-default\"><h2 data-elementor-setting-key=\"title\" data-pen-placeholder=\"Type Here...\" style=\"font-family: var( --e-global-typography-primary-font-family ), Sans-serif;font-weight: var( --e-global-typography-primary-font-weight );line-height: var( --e-global-typography-primary-line-height );font-size: var( --e-global-typography-primary-font-size );text-transform: none;font-style: normal;letter-spacing: var( --e-global-typography-primary-letter-spacing )\"><span style=\"font-weight: 700\">Esk\u00fcv\u0151, meglepet\u00e9s, szalagavat\u00f3<\/span><span style=\"color: var( --e-global-color-primary );font-family: var( --e-global-typography-primary-font-family ), Sans-serif;font-size: var( --e-global-typography-primary-font-size );font-style: var( --e-global-typography-primary-font-style );font-weight: var( --e-global-typography-primary-font-weight );letter-spacing: var( --e-global-typography-primary-letter-spacing );text-transform: var( --e-global-typography-primary-text-transform );text-align: var(--text-align);background-color: var( --e-global-color-9042db2 )\"><\/span><\/h2><\/h2>\t\t\t\t<\/div>\n\t\t\t\t<\/div>\n\t\t\t\t<div class=\"elementor-element elementor-element-2087b99a elementor-widget elementor-widget-text-editor\" data-id=\"2087b99a\" data-element_type=\"widget\" data-widget_type=\"text-editor.default\">\n\t\t\t\t<div class=\"elementor-widget-container\">\n\t\t\t\t\t\t\t\t\t<p>Egyedi koreogr\u00e1fi\u00e1kat k\u00e9sz\u00edt\u00fcnk esk\u00fcv\u0151kre, szalagavat\u00f3kra \u00e9s k\u00fcl\u00f6nleges alkalmakra, hogy a fontos pillanatok igaz\u00e1n eml\u00e9kezetess\u00e9 v\u00e1ljanak. Az \u00f3r\u00e1kon szem\u00e9lyre szabott t\u00e1ncot tanulhatsz, legyen sz\u00f3 eleg\u00e1ns nyit\u00f3t\u00e1ncr\u00f3l, l\u00e1tv\u00e1nyos oszt\u00e1lyt\u00e1ncr\u00f3l vagy meglepet\u00e9s produkci\u00f3r\u00f3l.<\/p>\t\t\t\t\t\t\t\t<\/div>\n\t\t\t\t<\/div>\n\t\t\t\t<\/div>\n\t\t\t\t<\/div>\n\t\t<div class=\"elementor-element elementor-element-a4a8968 e-flex e-con-boxed e-con e-parent\" data-id=\"a4a8968\" data-element_type=\"container\" data-settings=\"{&quot;background_background&quot;:&quot;classic&quot;}\">\n\t\t\t\t\t<div class=\"e-con-inner\">\n\t\t<div class=\"elementor-element elementor-element-622decb e-flex e-con-boxed e-con e-child\" data-id=\"622decb\" data-element_type=\"container\">\n\t\t\t\t\t<div class=\"e-con-inner\">\n\t\t\t\t<div class=\"elementor-element elementor-element-ddc1123 animated-slow elementor-invisible elementor-widget elementor-widget-heading\" data-id=\"ddc1123\" data-element_type=\"widget\" data-settings=\"{&quot;_animation&quot;:&quot;slideInUp&quot;}\" data-widget_type=\"heading.default\">\n\t\t\t\t<div class=\"elementor-widget-container\">\n\t\t\t\t\t<h2 class=\"elementor-heading-title elementor-size-default\">K\u00e9rd\u00e9sed van az \u00f3r\u00e1inkkal kapcsolatban?<\/h2>\t\t\t\t<\/div>\n\t\t\t\t<\/div>\n\t\t\t\t<div class=\"elementor-element elementor-element-3fd2590 animated-slow elementor-invisible elementor-widget elementor-widget-heading\" data-id=\"3fd2590\" data-element_type=\"widget\" data-settings=\"{&quot;_animation&quot;:&quot;slideInUp&quot;}\" data-widget_type=\"heading.default\">\n\t\t\t\t<div class=\"elementor-widget-container\">\n\t\t\t\t\t<h2 class=\"elementor-heading-title elementor-size-default\"><b>L\u00e9pj vel\u00fcnk kapcsolatba<\/b><\/h2>\t\t\t\t<\/div>\n\t\t\t\t<\/div>\n\t\t\t\t\t<\/div>\n\t\t\t\t<\/div>\n\t\t\t\t<div class=\"elementor-element elementor-element-f56d8e2 elementor-tablet-button-align-stretch elementor-button-align-stretch elementor-widget elementor-widget-form\" data-id=\"f56d8e2\" data-element_type=\"widget\" data-settings=\"{&quot;button_width&quot;:&quot;25&quot;,&quot;button_width_tablet&quot;:&quot;100&quot;,&quot;step_next_label&quot;:&quot;Next&quot;,&quot;step_previous_label&quot;:&quot;Previous&quot;,&quot;step_type&quot;:&quot;number_text&quot;,&quot;step_icon_shape&quot;:&quot;circle&quot;}\" data-widget_type=\"form.default\">\n\t\t\t\t<div class=\"elementor-widget-container\">\n\t\t\t\t\t\t\t<form class=\"elementor-form\" method=\"post\" name=\"Contact Us\">\n\t\t\t<input type=\"hidden\" name=\"post_id\" value=\"87\"\/>\n\t\t\t<input type=\"hidden\" name=\"form_id\" value=\"f56d8e2\"\/>\n\t\t\t<input type=\"hidden\" name=\"referer_title\" value=\"Workshops\" \/>\n\n\t\t\t\t\t\t\t<input type=\"hidden\" name=\"queried_id\" value=\"87\"\/>\n\t\t\t\n\t\t\t<div class=\"elementor-form-fields-wrapper elementor-labels-\">\n\t\t\t\t\t\t\t\t<div class=\"elementor-field-type-text elementor-field-group elementor-column elementor-field-group-name elementor-col-33 elementor-md-50\">\n\t\t\t\t\t\t\t\t\t\t\t\t<label for=\"form-field-name\" class=\"elementor-field-label elementor-screen-only\">\n\t\t\t\t\t\t\t\tVezet\u00e9kn\u00e9v\t\t\t\t\t\t\t<\/label>\n\t\t\t\t\t\t\t\t\t\t\t\t\t\t<input size=\"1\" type=\"text\" name=\"form_fields[name]\" id=\"form-field-name\" class=\"elementor-field elementor-size-sm  elementor-field-textual\" placeholder=\"Vezet\u00e9kn\u00e9v\">\n\t\t\t\t\t\t\t\t\t\t\t<\/div>\n\t\t\t\t\t\t\t\t<div class=\"elementor-field-type-text elementor-field-group elementor-column elementor-field-group-field_c0493bd elementor-col-33 elementor-md-50\">\n\t\t\t\t\t\t\t\t\t\t\t\t<label for=\"form-field-field_c0493bd\" class=\"elementor-field-label elementor-screen-only\">\n\t\t\t\t\t\t\t\tKeresztn\u00e9v\t\t\t\t\t\t\t<\/label>\n\t\t\t\t\t\t\t\t\t\t\t\t\t\t<input size=\"1\" type=\"text\" name=\"form_fields[field_c0493bd]\" id=\"form-field-field_c0493bd\" class=\"elementor-field elementor-size-sm  elementor-field-textual\" placeholder=\"Keresztn\u00e9v\">\n\t\t\t\t\t\t\t\t\t\t\t<\/div>\n\t\t\t\t\t\t\t\t<div class=\"elementor-field-type-tel elementor-field-group elementor-column elementor-field-group-field_719ed13 elementor-col-33 elementor-md-50 elementor-field-required\">\n\t\t\t\t\t\t\t\t\t\t\t\t<label for=\"form-field-field_719ed13\" class=\"elementor-field-label elementor-screen-only\">\n\t\t\t\t\t\t\t\tTelefonsz\u00e1m\t\t\t\t\t\t\t<\/label>\n\t\t\t\t\t\t\t\t<input size=\"1\" type=\"tel\" name=\"form_fields[field_719ed13]\" id=\"form-field-field_719ed13\" class=\"elementor-field elementor-size-sm  elementor-field-textual\" placeholder=\"* Telefonsz\u00e1m\" required=\"required\" aria-required=\"true\" pattern=\"[0-9()#&amp;+*-=.]+\" title=\"Only numbers and phone characters (#, -, *, etc) are accepted.\">\n\n\t\t\t\t\t\t<\/div>\n\t\t\t\t\t\t\t\t<div class=\"elementor-field-type-email elementor-field-group elementor-column elementor-field-group-email elementor-col-33 elementor-md-50 elementor-field-required\">\n\t\t\t\t\t\t\t\t\t\t\t\t<label for=\"form-field-email\" class=\"elementor-field-label elementor-screen-only\">\n\t\t\t\t\t\t\t\tEmail\t\t\t\t\t\t\t<\/label>\n\t\t\t\t\t\t\t\t\t\t\t\t\t\t<input size=\"1\" type=\"email\" name=\"form_fields[email]\" id=\"form-field-email\" class=\"elementor-field elementor-size-sm  elementor-field-textual\" placeholder=\"* Email c\u00edm\" required=\"required\" aria-required=\"true\">\n\t\t\t\t\t\t\t\t\t\t\t<\/div>\n\t\t\t\t\t\t\t\t<div class=\"elementor-field-type-textarea elementor-field-group elementor-column elementor-field-group-message elementor-col-33 elementor-md-100 elementor-field-required\">\n\t\t\t\t\t\t\t\t\t\t\t\t<label for=\"form-field-message\" class=\"elementor-field-label elementor-screen-only\">\n\t\t\t\t\t\t\t\tMessage\t\t\t\t\t\t\t<\/label>\n\t\t\t\t\t\t<textarea class=\"elementor-field-textual elementor-field  elementor-size-sm\" name=\"form_fields[message]\" id=\"form-field-message\" rows=\"1\" placeholder=\"\u00dczenet\" required=\"required\" aria-required=\"true\"><\/textarea>\t\t\t\t<\/div>\n\t\t\t\t\t\t\t\t<div class=\"elementor-field-group elementor-column elementor-field-type-submit elementor-col-25 e-form__buttons elementor-md-100\">\n\t\t\t\t\t<button class=\"elementor-button elementor-size-sm elementor-animation-shrink\" type=\"submit\">\n\t\t\t\t\t\t<span class=\"elementor-button-content-wrapper\">\n\t\t\t\t\t\t\t\t\t\t\t\t\t\t\t\t\t\t\t\t\t\t<span class=\"elementor-button-text\">Send<\/span>\n\t\t\t\t\t\t\t\t\t\t\t\t\t<\/span>\n\t\t\t\t\t<\/button>\n\t\t\t\t<\/div>\n\t\t\t<\/div>\n\t\t<\/form>\n\t\t\t\t\t\t<\/div>\n\t\t\t\t<\/div>\n\t\t<div class=\"elementor-element elementor-element-a12cdcd e-con-full e-flex e-con e-child\" data-id=\"a12cdcd\" data-element_type=\"container\">\n\t\t<div class=\"elementor-element elementor-element-2f23ac2 e-con-full e-flex e-con e-child\" data-id=\"2f23ac2\" data-element_type=\"container\">\n\t\t\t\t<div class=\"elementor-element elementor-element-201e986 elementor-widget__width-inherit elementor-widget-divider--view-line elementor-widget elementor-widget-divider\" data-id=\"201e986\" data-element_type=\"widget\" data-widget_type=\"divider.default\">\n\t\t\t\t<div class=\"elementor-widget-container\">\n\t\t\t\t\t\t\t<div class=\"elementor-divider\">\n\t\t\t<span class=\"elementor-divider-separator\">\n\t\t\t\t\t\t<\/span>\n\t\t<\/div>\n\t\t\t\t\t\t<\/div>\n\t\t\t\t<\/div>\n\t\t\t\t<div class=\"elementor-element elementor-element-b2b93b7 elementor-widget elementor-widget-heading\" data-id=\"b2b93b7\" data-element_type=\"widget\" data-widget_type=\"heading.default\">\n\t\t\t\t<div class=\"elementor-widget-container\">\n\t\t\t\t\t<h3 class=\"elementor-heading-title elementor-size-default\">Itt tal\u00e1lsz minket<\/h3>\t\t\t\t<\/div>\n\t\t\t\t<\/div>\n\t\t\t\t<div class=\"elementor-element elementor-element-b6dea24 elementor-align-center elementor-icon-list--layout-traditional elementor-list-item-link-full_width elementor-widget elementor-widget-icon-list\" data-id=\"b6dea24\" data-element_type=\"widget\" data-widget_type=\"icon-list.default\">\n\t\t\t\t<div class=\"elementor-widget-container\">\n\t\t\t\t\t\t\t<ul class=\"elementor-icon-list-items\">\n\t\t\t\t\t\t\t<li class=\"elementor-icon-list-item\">\n\t\t\t\t\t\t\t\t\t\t<span class=\"elementor-icon-list-text\">2030 \u00c9rd<\/span>\n\t\t\t\t\t\t\t\t\t<\/li>\n\t\t\t\t\t\t\t\t<li class=\"elementor-icon-list-item\">\n\t\t\t\t\t\t\t\t\t\t<span class=\"elementor-icon-list-text\">Fav\u00e1g\u00f3 utca 35.<\/span>\n\t\t\t\t\t\t\t\t\t<\/li>\n\t\t\t\t\t\t<\/ul>\n\t\t\t\t\t\t<\/div>\n\t\t\t\t<\/div>\n\t\t\t\t<\/div>\n\t\t<div class=\"elementor-element elementor-element-4315848 e-con-full e-flex e-con e-child\" data-id=\"4315848\" data-element_type=\"container\">\n\t\t\t\t<div class=\"elementor-element elementor-element-0e7437f elementor-widget__width-inherit elementor-widget-divider--view-line elementor-widget elementor-widget-divider\" data-id=\"0e7437f\" data-element_type=\"widget\" data-widget_type=\"divider.default\">\n\t\t\t\t<div class=\"elementor-widget-container\">\n\t\t\t\t\t\t\t<div class=\"elementor-divider\">\n\t\t\t<span class=\"elementor-divider-separator\">\n\t\t\t\t\t\t<\/span>\n\t\t<\/div>\n\t\t\t\t\t\t<\/div>\n\t\t\t\t<\/div>\n\t\t\t\t<div class=\"elementor-element elementor-element-bd6315e elementor-widget elementor-widget-heading\" data-id=\"bd6315e\" data-element_type=\"widget\" data-widget_type=\"heading.default\">\n\t\t\t\t<div class=\"elementor-widget-container\">\n\t\t\t\t\t<h3 class=\"elementor-heading-title elementor-size-default\">El\u00e9rhet\u0151s\u00e9geink<\/h3>\t\t\t\t<\/div>\n\t\t\t\t<\/div>\n\t\t\t\t<div class=\"elementor-element elementor-element-b0649e0 elementor-align-center elementor-icon-list--layout-traditional elementor-list-item-link-full_width elementor-widget elementor-widget-icon-list\" data-id=\"b0649e0\" data-element_type=\"widget\" data-widget_type=\"icon-list.default\">\n\t\t\t\t<div class=\"elementor-widget-container\">\n\t\t\t\t\t\t\t<ul class=\"elementor-icon-list-items\">\n\t\t\t\t\t\t\t<li class=\"elementor-icon-list-item\">\n\t\t\t\t\t\t\t\t\t\t\t<a href=\"tel:213-200-5078%20\">\n\n\t\t\t\t\t\t\t\t\t\t\t<span class=\"elementor-icon-list-text\">+36 20 556 8542<\/span>\n\t\t\t\t\t\t\t\t\t\t\t<\/a>\n\t\t\t\t\t\t\t\t\t<\/li>\n\t\t\t\t\t\t\t\t<li class=\"elementor-icon-list-item\">\n\t\t\t\t\t\t\t\t\t\t\t<a href=\"mailto:kevinclarkfit@training.com\">\n\n\t\t\t\t\t\t\t\t\t\t\t<span class=\"elementor-icon-list-text\">mantovayviktoria@gmail.com<\/span>\n\t\t\t\t\t\t\t\t\t\t\t<\/a>\n\t\t\t\t\t\t\t\t\t<\/li>\n\t\t\t\t\t\t<\/ul>\n\t\t\t\t\t\t<\/div>\n\t\t\t\t<\/div>\n\t\t\t\t<\/div>\n\t\t\t\t<\/div>\n\t\t\t\t\t<\/div>\n\t\t\t\t<\/div>\n\t\t\t\t<\/div>\n\t\t","protected":false},"excerpt":{"rendered":"<p>T\u00e1nc minden szinten, minden c\u00e9llal Az \u00c9rdi T\u00e1ncsport Egyes\u00fcletben olyan \u00f3r\u00e1kon vehetsz r\u00e9szt, amelyek a kezd\u0151t\u0151l a versenyszintig mindenki sz\u00e1m\u00e1ra lehet\u0151s\u00e9get biztos\u00edtanak a fejl\u0151d\u00e9sre, mik\u00f6zben a t\u00e1nc \u00f6r\u00f6m\u00e9t \u00e9s k\u00f6z\u00f6ss\u00e9g\u00e9p\u00edt\u0151 erej\u00e9t is meg\u00e9lheted. \u00f3rat\u00edpusaink Versenyt\u00e1nc edz\u00e9s A komolyabb c\u00e9lokkal rendelkez\u0151 t\u00e1ncosokat v\u00e1rjuk a versenyt\u00e1ncos csoportos \u00f3r\u00e1kra. Ezek az edz\u00e9sek a versenyt\u00e1nc legmagasabb szint\u0171 technikai tud\u00e1s\u00e1nak [&hellip;]<\/p>\n","protected":false},"author":2,"featured_media":0,"parent":0,"menu_order":0,"comment_status":"closed","ping_status":"closed","template":"elementor_header_footer","meta":{"footnotes":""},"class_list":["post-87","page","type-page","status-publish","hentry"],"rttpg_featured_image_url":null,"rttpg_author":{"display_name":"Dominika \u00c1gnes","author_link":"https:\/\/www.erditanc.hu\/index.php\/author\/d-agi\/"},"rttpg_comment":0,"rttpg_category":null,"rttpg_excerpt":"T\u00e1nc minden szinten, minden c\u00e9llal Az \u00c9rdi T\u00e1ncsport Egyes\u00fcletben olyan \u00f3r\u00e1kon vehetsz r\u00e9szt, amelyek a kezd\u0151t\u0151l a versenyszintig mindenki sz\u00e1m\u00e1ra lehet\u0151s\u00e9get biztos\u00edtanak a fejl\u0151d\u00e9sre, mik\u00f6zben a t\u00e1nc \u00f6r\u00f6m\u00e9t \u00e9s k\u00f6z\u00f6ss\u00e9g\u00e9p\u00edt\u0151 erej\u00e9t is meg\u00e9lheted. \u00f3rat\u00edpusaink Versenyt\u00e1nc edz\u00e9s A komolyabb c\u00e9lokkal rendelkez\u0151 t\u00e1ncosokat v\u00e1rjuk a versenyt\u00e1ncos csoportos \u00f3r\u00e1kra. Ezek az edz\u00e9sek a versenyt\u00e1nc legmagasabb szint\u0171 technikai tud\u00e1s\u00e1nak&hellip;","_links":{"self":[{"href":"https:\/\/www.erditanc.hu\/index.php\/wp-json\/wp\/v2\/pages\/87","targetHints":{"allow":["GET"]}}],"collection":[{"href":"https:\/\/www.erditanc.hu\/index.php\/wp-json\/wp\/v2\/pages"}],"about":[{"href":"https:\/\/www.erditanc.hu\/index.php\/wp-json\/wp\/v2\/types\/page"}],"author":[{"embeddable":true,"href":"https:\/\/www.erditanc.hu\/index.php\/wp-json\/wp\/v2\/users\/2"}],"replies":[{"embeddable":true,"href":"https:\/\/www.erditanc.hu\/index.php\/wp-json\/wp\/v2\/comments?post=87"}],"version-history":[{"count":34,"href":"https:\/\/www.erditanc.hu\/index.php\/wp-json\/wp\/v2\/pages\/87\/revisions"}],"predecessor-version":[{"id":535,"href":"https:\/\/www.erditanc.hu\/index.php\/wp-json\/wp\/v2\/pages\/87\/revisions\/535"}],"wp:attachment":[{"href":"https:\/\/www.erditanc.hu\/index.php\/wp-json\/wp\/v2\/media?parent=87"}],"curies":[{"name":"wp","href":"https:\/\/api.w.org\/{rel}","templated":true}]}}